{"id":16767,"date":"2024-01-06T16:09:01","date_gmt":"2024-01-06T19:09:01","guid":{"rendered":"https:\/\/tws-empreendimentos.com.br\/?page_id=16767"},"modified":"2025-02-07T06:50:35","modified_gmt":"2025-02-07T09:50:35","slug":"transparencia","status":"publish","type":"page","link":"https:\/\/tws-empreendimentos.com.br\/es\/transparencia\/","title":{"rendered":"Transparencia"},"content":{"rendered":"\t\t<div data-elementor-type=\"wp-page\" data-elementor-id=\"16767\" class=\"elementor elementor-16767 elementor-1740\" data-elementor-post-type=\"page\">\n\t\t\t\t<div class=\"elementor-element elementor-element-afc8fdf e-flex e-con-boxed e-con e-parent\" data-id=\"afc8fdf\" data-element_type=\"container\" data-e-type=\"container\" data-settings=\"{&quot;background_background&quot;:&quot;gradient&quot;}\">\n\t\t\t\t\t<div class=\"e-con-inner\">\n\t\t\t\t<div class=\"elementor-element elementor-element-a8e406e elementor-widget elementor-widget-heading\" data-id=\"a8e406e\" data-element_type=\"widget\" data-e-type=\"widget\" data-widget_type=\"heading.default\">\n\t\t\t\t\t<h2 class=\"elementor-heading-title elementor-size-default\">Transparencia<\/h2>\t\t\t\t<\/div>\n\t\t\t\t<div class=\"elementor-element elementor-element-c781378 elementor-widget elementor-widget-text-editor\" data-id=\"c781378\" data-element_type=\"widget\" data-e-type=\"widget\" data-widget_type=\"text-editor.default\">\n\t\t\t\t\t\t\t\t\t<p>Bienvenidos a la P\u00e1gina de Transparencia de TWS Empreendimentos<\/p><p><strong>Origen de la Informaci\u00f3n<\/strong>: En TWS Empreendimentos, nos dedicamos a ofrecer informaci\u00f3n precisa y actual sobre el mercado inmobiliario y el desarrollo urbano. Nuestro contenido es elaborado por especialistas del sector y rigurosamente verificado, garantizando confiabilidad. Recurremos a fuentes de alta credibilidad y siempre damos los debidos cr\u00e9ditos y referencias.<\/p><p><strong>Im\u00e1genes y Cr\u00e9ditos Visuales<\/strong>: Las im\u00e1genes en nuestro sitio son seleccionadas para representar fielmente nuestros proyectos y visiones de mercado. Son fruto del trabajo de nuestro equipo, colaboraciones con socios y, ocasionalmente, de bancos de im\u00e1genes, respetando siempre los derechos de autor y licencias correspondientes.<\/p><p><strong>Diversidad de Soluciones<\/strong>: Reconocemos que cada cliente tiene necesidades espec\u00edficas. Por eso, ofrecemos una variedad de soluciones y recomendaciones personalizadas, abarcando diversas herramientas y estrategias en el campo del desarrollo inmobiliario y urbano. Incentivamos a nuestros clientes a elegir las opciones que mejor se adapten a sus objetivos.<\/p><p><strong>Participaci\u00f3n de los Clientes<\/strong>: Valoramos mucho el feedback y la opini\u00f3n de nuestros clientes. Estamos siempre abiertos a sugerencias, listos para aclarar dudas o discutir experiencias. Promovemos un di\u00e1logo constructivo y mantenemos un ambiente respetuoso y profesional en todas las interacciones.<\/p><p><strong>Asociaciones y Publicidad<\/strong>: Garantizamos que nuestros servicios y contenidos son desarrollados de forma independiente e \u00edntegra. Estamos abiertos a asociaciones estrat\u00e9gicas y oportunidades publicitarias que est\u00e9n alineadas con nuestra misi\u00f3n y valores, manteniendo siempre la transparencia con nuestros clientes.<\/p><p><strong>Compromiso con la Confianza y Autenticidad<\/strong>: Nuestro objetivo es ser una fuente de informaci\u00f3n confiable y aut\u00e9ntica en el sector del desarrollo inmobiliario y urbano. Si tiene dudas, preocupaciones o sugerencias, por favor, cont\u00e1ctenos a trav\u00e9s de nuestro tel\u00e9fono 83 9 9833 3311.<\/p><p>\u00a1Agradecemos por elegir a TWS Empreendimentos como su socio para el \u00e9xito de sus proyectos y emprendimientos!<\/p>\t\t\t\t\t\t\t\t<\/div>\n\t\t\t\t\t<\/div>\n\t\t\t\t<\/div>\n\t\t\t\t<\/div>\n\t\t","protected":false},"excerpt":{"rendered":"<p>Bienvenidos a la P\u00e1gina de Transparencia de TWS Empreendimentos Origen de la Informaci\u00f3n: En TWS Empreendimentos, nos dedicamos a ofrecer informaci\u00f3n precisa y actual sobre el mercado inmobiliario y el desarrollo urbano. Nuestro contenido es elaborado por especialistas del sector y rigurosamente verificado, garantizando confiabilidad. Recurremos a fuentes de alta credibilidad y siempre damos los [&hellip;]<\/p>\n","protected":false},"author":1,"featured_media":0,"parent":0,"menu_order":0,"comment_status":"closed","ping_status":"closed","template":"","meta":{"footnotes":""},"class_list":["post-16767","page","type-page","status-publish","hentry"],"yoast_head":"<!-- This site is optimized with the Yoast SEO Premium plugin v24.3 (Yoast SEO v26.9) - https:\/\/yoast.com\/product\/yoast-seo-premium-wordpress\/ -->\n<title>Transparencia - TWS Empreendimentos<\/title>\n<meta name=\"robots\" content=\"index, follow, max-snippet:-1, max-image-preview:large, max-video-preview:-1\" \/>\n<link rel=\"canonical\" href=\"https:\/\/tws-empreendimentos.com.br\/es\/transparencia\/\" \/>\n<meta property=\"og:locale\" content=\"es_ES\" \/>\n<meta property=\"og:type\" content=\"article\" \/>\n<meta property=\"og:title\" content=\"Transparencia\" \/>\n<meta property=\"og:description\" content=\"Bienvenidos a la P\u00e1gina de Transparencia de TWS Empreendimentos Origen de la Informaci\u00f3n: En TWS Empreendimentos, nos dedicamos a ofrecer informaci\u00f3n precisa y actual sobre el mercado inmobiliario y el desarrollo urbano. Nuestro contenido es elaborado por especialistas del sector y rigurosamente verificado, garantizando confiabilidad. Recurremos a fuentes de alta credibilidad y siempre damos los [&hellip;]\" \/>\n<meta property=\"og:url\" content=\"https:\/\/tws-empreendimentos.com.br\/es\/transparencia\/\" \/>\n<meta property=\"og:site_name\" content=\"TWS Empreendimentos\" \/>\n<meta property=\"article:modified_time\" content=\"2025-02-07T09:50:35+00:00\" \/>\n<meta property=\"og:image\" content=\"https:\/\/tws-empreendimentos.com.br\/wp-content\/uploads\/2023\/03\/TWS-LOGOMARCA.png\" \/>\n\t<meta property=\"og:image:width\" content=\"300\" \/>\n\t<meta property=\"og:image:height\" content=\"300\" \/>\n\t<meta property=\"og:image:type\" content=\"image\/png\" \/>\n<meta name=\"twitter:card\" content=\"summary_large_image\" \/>\n<script type=\"application\/ld+json\" class=\"yoast-schema-graph\">{\"@context\":\"https:\/\/schema.org\",\"@graph\":[{\"@type\":\"WebPage\",\"@id\":\"https:\/\/tws-empreendimentos.com.br\/es\/transparencia\/\",\"url\":\"https:\/\/tws-empreendimentos.com.br\/es\/transparencia\/\",\"name\":\"Transparencia - TWS Empreendimentos\",\"isPartOf\":{\"@id\":\"https:\/\/tws-empreendimentos.com.br\/#website\"},\"datePublished\":\"2024-01-06T19:09:01+00:00\",\"dateModified\":\"2025-02-07T09:50:35+00:00\",\"breadcrumb\":{\"@id\":\"https:\/\/tws-empreendimentos.com.br\/es\/transparencia\/#breadcrumb\"},\"inLanguage\":\"es\",\"potentialAction\":[{\"@type\":\"ReadAction\",\"target\":[\"https:\/\/tws-empreendimentos.com.br\/es\/transparencia\/\"]}]},{\"@type\":\"BreadcrumbList\",\"@id\":\"https:\/\/tws-empreendimentos.com.br\/es\/transparencia\/#breadcrumb\",\"itemListElement\":[{\"@type\":\"ListItem\",\"position\":1,\"name\":\"In\u00edcio\",\"item\":\"https:\/\/tws-empreendimentos.com.br\/\"},{\"@type\":\"ListItem\",\"position\":2,\"name\":\"Transparencia\"}]},{\"@type\":\"WebSite\",\"@id\":\"https:\/\/tws-empreendimentos.com.br\/#website\",\"url\":\"https:\/\/tws-empreendimentos.com.br\/\",\"name\":\"TWS Empreendimentos\",\"description\":\"Construtora e Imobili\u00e1ria em Jo\u00e3o Pessoa, Brasil\",\"publisher\":{\"@id\":\"https:\/\/tws-empreendimentos.com.br\/#organization\"},\"alternateName\":\"TWS Empreendimentos\",\"potentialAction\":[{\"@type\":\"SearchAction\",\"target\":{\"@type\":\"EntryPoint\",\"urlTemplate\":\"https:\/\/tws-empreendimentos.com.br\/?s={search_term_string}\"},\"query-input\":{\"@type\":\"PropertyValueSpecification\",\"valueRequired\":true,\"valueName\":\"search_term_string\"}}],\"inLanguage\":\"es\"},{\"@type\":\"Organization\",\"@id\":\"https:\/\/tws-empreendimentos.com.br\/#organization\",\"name\":\"TWS Empreendimentos\",\"alternateName\":\"TWS Empreendimentos\",\"url\":\"https:\/\/tws-empreendimentos.com.br\/\",\"logo\":{\"@type\":\"ImageObject\",\"inLanguage\":\"es\",\"@id\":\"https:\/\/tws-empreendimentos.com.br\/#\/schema\/logo\/image\/\",\"url\":\"https:\/\/tws-empreendimentos.com.br\/wp-content\/uploads\/2023\/03\/TWS-LOGOMARCA.png\",\"contentUrl\":\"https:\/\/tws-empreendimentos.com.br\/wp-content\/uploads\/2023\/03\/TWS-LOGOMARCA.png\",\"width\":300,\"height\":300,\"caption\":\"TWS Empreendimentos\"},\"image\":{\"@id\":\"https:\/\/tws-empreendimentos.com.br\/#\/schema\/logo\/image\/\"}}]}<\/script>\n<!-- \/ Yoast SEO Premium plugin. -->","yoast_head_json":{"title":"Transparencia - TWS Empreendimentos","robots":{"index":"index","follow":"follow","max-snippet":"max-snippet:-1","max-image-preview":"max-image-preview:large","max-video-preview":"max-video-preview:-1"},"canonical":"https:\/\/tws-empreendimentos.com.br\/es\/transparencia\/","og_locale":"es_ES","og_type":"article","og_title":"Transparencia","og_description":"Bienvenidos a la P\u00e1gina de Transparencia de TWS Empreendimentos Origen de la Informaci\u00f3n: En TWS Empreendimentos, nos dedicamos a ofrecer informaci\u00f3n precisa y actual sobre el mercado inmobiliario y el desarrollo urbano. Nuestro contenido es elaborado por especialistas del sector y rigurosamente verificado, garantizando confiabilidad. Recurremos a fuentes de alta credibilidad y siempre damos los [&hellip;]","og_url":"https:\/\/tws-empreendimentos.com.br\/es\/transparencia\/","og_site_name":"TWS Empreendimentos","article_modified_time":"2025-02-07T09:50:35+00:00","og_image":[{"width":300,"height":300,"url":"https:\/\/tws-empreendimentos.com.br\/wp-content\/uploads\/2023\/03\/TWS-LOGOMARCA.png","type":"image\/png"}],"twitter_card":"summary_large_image","schema":{"@context":"https:\/\/schema.org","@graph":[{"@type":"WebPage","@id":"https:\/\/tws-empreendimentos.com.br\/es\/transparencia\/","url":"https:\/\/tws-empreendimentos.com.br\/es\/transparencia\/","name":"Transparencia - TWS Empreendimentos","isPartOf":{"@id":"https:\/\/tws-empreendimentos.com.br\/#website"},"datePublished":"2024-01-06T19:09:01+00:00","dateModified":"2025-02-07T09:50:35+00:00","breadcrumb":{"@id":"https:\/\/tws-empreendimentos.com.br\/es\/transparencia\/#breadcrumb"},"inLanguage":"es","potentialAction":[{"@type":"ReadAction","target":["https:\/\/tws-empreendimentos.com.br\/es\/transparencia\/"]}]},{"@type":"BreadcrumbList","@id":"https:\/\/tws-empreendimentos.com.br\/es\/transparencia\/#breadcrumb","itemListElement":[{"@type":"ListItem","position":1,"name":"In\u00edcio","item":"https:\/\/tws-empreendimentos.com.br\/"},{"@type":"ListItem","position":2,"name":"Transparencia"}]},{"@type":"WebSite","@id":"https:\/\/tws-empreendimentos.com.br\/#website","url":"https:\/\/tws-empreendimentos.com.br\/","name":"TWS Empreendimentos","description":"Construtora e Imobili\u00e1ria em Jo\u00e3o Pessoa, Brasil","publisher":{"@id":"https:\/\/tws-empreendimentos.com.br\/#organization"},"alternateName":"TWS Empreendimentos","potentialAction":[{"@type":"SearchAction","target":{"@type":"EntryPoint","urlTemplate":"https:\/\/tws-empreendimentos.com.br\/?s={search_term_string}"},"query-input":{"@type":"PropertyValueSpecification","valueRequired":true,"valueName":"search_term_string"}}],"inLanguage":"es"},{"@type":"Organization","@id":"https:\/\/tws-empreendimentos.com.br\/#organization","name":"TWS Empreendimentos","alternateName":"TWS Empreendimentos","url":"https:\/\/tws-empreendimentos.com.br\/","logo":{"@type":"ImageObject","inLanguage":"es","@id":"https:\/\/tws-empreendimentos.com.br\/#\/schema\/logo\/image\/","url":"https:\/\/tws-empreendimentos.com.br\/wp-content\/uploads\/2023\/03\/TWS-LOGOMARCA.png","contentUrl":"https:\/\/tws-empreendimentos.com.br\/wp-content\/uploads\/2023\/03\/TWS-LOGOMARCA.png","width":300,"height":300,"caption":"TWS Empreendimentos"},"image":{"@id":"https:\/\/tws-empreendimentos.com.br\/#\/schema\/logo\/image\/"}}]}},"_links":{"self":[{"href":"https:\/\/tws-empreendimentos.com.br\/es\/wp-json\/wp\/v2\/pages\/16767","targetHints":{"allow":["GET"]}}],"collection":[{"href":"https:\/\/tws-empreendimentos.com.br\/es\/wp-json\/wp\/v2\/pages"}],"about":[{"href":"https:\/\/tws-empreendimentos.com.br\/es\/wp-json\/wp\/v2\/types\/page"}],"author":[{"embeddable":true,"href":"https:\/\/tws-empreendimentos.com.br\/es\/wp-json\/wp\/v2\/users\/1"}],"replies":[{"embeddable":true,"href":"https:\/\/tws-empreendimentos.com.br\/es\/wp-json\/wp\/v2\/comments?post=16767"}],"version-history":[{"count":0,"href":"https:\/\/tws-empreendimentos.com.br\/es\/wp-json\/wp\/v2\/pages\/16767\/revisions"}],"wp:attachment":[{"href":"https:\/\/tws-empreendimentos.com.br\/es\/wp-json\/wp\/v2\/media?parent=16767"}],"curies":[{"name":"wp","href":"https:\/\/api.w.org\/{rel}","templated":true}]}}