{"id":16742,"date":"2024-01-06T16:08:42","date_gmt":"2024-01-06T19:08:42","guid":{"rendered":"https:\/\/tws-empreendimentos.com.br\/?page_id=16742"},"modified":"2025-02-07T06:43:47","modified_gmt":"2025-02-07T09:43:47","slug":"terminos-de-uso","status":"publish","type":"page","link":"https:\/\/tws-empreendimentos.com.br\/es\/terminos-de-uso\/","title":{"rendered":"T\u00e9rminos de Uso"},"content":{"rendered":"\t\t<div data-elementor-type=\"wp-page\" data-elementor-id=\"16742\" class=\"elementor elementor-16742 elementor-1738\" data-elementor-post-type=\"page\">\n\t\t\t\t<div class=\"elementor-element elementor-element-f3a8101 e-flex e-con-boxed e-con e-parent\" data-id=\"f3a8101\" data-element_type=\"container\" data-e-type=\"container\" data-settings=\"{&quot;background_background&quot;:&quot;gradient&quot;}\">\n\t\t\t\t\t<div class=\"e-con-inner\">\n\t\t\t\t<div class=\"elementor-element elementor-element-92e491b elementor-widget elementor-widget-heading\" data-id=\"92e491b\" data-element_type=\"widget\" data-e-type=\"widget\" data-widget_type=\"heading.default\">\n\t\t\t\t\t<h2 class=\"elementor-heading-title elementor-size-default\">T\u00e9rminos de Uso<\/h2>\t\t\t\t<\/div>\n\t\t\t\t<div class=\"elementor-element elementor-element-aeb4159 elementor-widget elementor-widget-text-editor\" data-id=\"aeb4159\" data-element_type=\"widget\" data-e-type=\"widget\" data-widget_type=\"text-editor.default\">\n\t\t\t\t\t\t\t\t\t<p>Bienvenido al sitio web de TWS Empreendimentos. Al acceder y utilizar nuestro sitio, usted acepta los siguientes t\u00e9rminos y condiciones de uso:<\/p><p><strong>Contenido del Sitio<\/strong>: TWS Empreendimentos es una plataforma dedicada al desarrollo de proyectos inmobiliarios y urban\u00edsticos. Aunque nos esforzamos por garantizar la precisi\u00f3n y actualidad de la informaci\u00f3n, no podemos asegurar la total precisi\u00f3n o integridad de los datos presentados. Por lo tanto, los usuarios deben verificar la veracidad de la informaci\u00f3n antes de tomar decisiones basadas en ella.<\/p><p><strong>Responsabilidad del Usuario<\/strong>: Los usuarios de TWS Empreendimentos deben utilizar nuestro sitio de manera responsable. Est\u00e1 prohibido realizar actividades ilegales, difamatorias, ofensivas o que infrinjan los derechos de terceros durante la utilizaci\u00f3n de nuestro sitio.<\/p><p><strong>Enlaces a Terceros<\/strong>: Nuestro sitio puede incluir enlaces a sitios web de terceros. Estos se proporcionan \u00fanicamente para su conveniencia y no representan una aprobaci\u00f3n del contenido de estos sitios por parte de TWS Empreendimentos. No somos responsables del contenido, pol\u00edticas de privacidad o pr\u00e1cticas de sitios de terceros.<\/p>\t\t\t\t\t\t\t\t<\/div>\n\t\t\t\t\t<\/div>\n\t\t\t\t<\/div>\n\t\t\t\t<\/div>\n\t\t","protected":false},"excerpt":{"rendered":"<p>T\u00e9rminos de Uso Bienvenido al sitio web de TWS Empreendimentos. Al acceder y utilizar nuestro sitio, usted acepta los siguientes t\u00e9rminos y condiciones de uso: Contenido del Sitio: TWS Empreendimentos es una plataforma dedicada al desarrollo de proyectos inmobiliarios y urban\u00edsticos. Aunque nos esforzamos por garantizar la precisi\u00f3n y actualidad de la informaci\u00f3n, no podemos [&hellip;]<\/p>\n","protected":false},"author":1,"featured_media":0,"parent":0,"menu_order":0,"comment_status":"closed","ping_status":"closed","template":"","meta":{"footnotes":""},"class_list":["post-16742","page","type-page","status-publish","hentry"],"yoast_head":"<!-- This site is optimized with the Yoast SEO Premium plugin v24.3 (Yoast SEO v26.9) - https:\/\/yoast.com\/product\/yoast-seo-premium-wordpress\/ -->\n<title>T\u00e9rminos de Uso - TWS Empreendimentos<\/title>\n<meta name=\"robots\" content=\"index, follow, max-snippet:-1, max-image-preview:large, max-video-preview:-1\" \/>\n<link rel=\"canonical\" href=\"https:\/\/tws-empreendimentos.com.br\/termos-de-uso\/\" \/>\n<meta property=\"og:locale\" content=\"es_ES\" \/>\n<meta property=\"og:type\" content=\"article\" \/>\n<meta property=\"og:title\" content=\"T\u00e9rminos de Uso\" \/>\n<meta property=\"og:description\" content=\"T\u00e9rminos de Uso Bienvenido al sitio web de TWS Empreendimentos. Al acceder y utilizar nuestro sitio, usted acepta los siguientes t\u00e9rminos y condiciones de uso: Contenido del Sitio: TWS Empreendimentos es una plataforma dedicada al desarrollo de proyectos inmobiliarios y urban\u00edsticos. Aunque nos esforzamos por garantizar la precisi\u00f3n y actualidad de la informaci\u00f3n, no podemos [&hellip;]\" \/>\n<meta property=\"og:url\" content=\"https:\/\/tws-empreendimentos.com.br\/termos-de-uso\/\" \/>\n<meta property=\"og:site_name\" content=\"TWS Empreendimentos\" \/>\n<meta property=\"article:modified_time\" content=\"2025-02-07T09:43:47+00:00\" \/>\n<meta property=\"og:image\" content=\"https:\/\/tws-empreendimentos.com.br\/wp-content\/uploads\/2023\/03\/TWS-LOGOMARCA.png\" \/>\n\t<meta property=\"og:image:width\" content=\"300\" \/>\n\t<meta property=\"og:image:height\" content=\"300\" \/>\n\t<meta property=\"og:image:type\" content=\"image\/png\" \/>\n<meta name=\"twitter:card\" content=\"summary_large_image\" \/>\n<script type=\"application\/ld+json\" class=\"yoast-schema-graph\">{\"@context\":\"https:\/\/schema.org\",\"@graph\":[{\"@type\":\"WebPage\",\"@id\":\"https:\/\/tws-empreendimentos.com.br\/termos-de-uso\/\",\"url\":\"https:\/\/tws-empreendimentos.com.br\/termos-de-uso\/\",\"name\":\"T\u00e9rminos de Uso - TWS Empreendimentos\",\"isPartOf\":{\"@id\":\"https:\/\/tws-empreendimentos.com.br\/#website\"},\"datePublished\":\"2024-01-06T19:08:42+00:00\",\"dateModified\":\"2025-02-07T09:43:47+00:00\",\"breadcrumb\":{\"@id\":\"https:\/\/tws-empreendimentos.com.br\/termos-de-uso\/#breadcrumb\"},\"inLanguage\":\"es\",\"potentialAction\":[{\"@type\":\"ReadAction\",\"target\":[\"https:\/\/tws-empreendimentos.com.br\/termos-de-uso\/\"]}]},{\"@type\":\"BreadcrumbList\",\"@id\":\"https:\/\/tws-empreendimentos.com.br\/termos-de-uso\/#breadcrumb\",\"itemListElement\":[{\"@type\":\"ListItem\",\"position\":1,\"name\":\"In\u00edcio\",\"item\":\"https:\/\/tws-empreendimentos.com.br\/\"},{\"@type\":\"ListItem\",\"position\":2,\"name\":\"T\u00e9rminos de Uso\"}]},{\"@type\":\"WebSite\",\"@id\":\"https:\/\/tws-empreendimentos.com.br\/#website\",\"url\":\"https:\/\/tws-empreendimentos.com.br\/\",\"name\":\"TWS Empreendimentos\",\"description\":\"Construtora e Imobili\u00e1ria em Jo\u00e3o Pessoa, Brasil\",\"publisher\":{\"@id\":\"https:\/\/tws-empreendimentos.com.br\/#organization\"},\"alternateName\":\"TWS Empreendimentos\",\"potentialAction\":[{\"@type\":\"SearchAction\",\"target\":{\"@type\":\"EntryPoint\",\"urlTemplate\":\"https:\/\/tws-empreendimentos.com.br\/?s={search_term_string}\"},\"query-input\":{\"@type\":\"PropertyValueSpecification\",\"valueRequired\":true,\"valueName\":\"search_term_string\"}}],\"inLanguage\":\"es\"},{\"@type\":\"Organization\",\"@id\":\"https:\/\/tws-empreendimentos.com.br\/#organization\",\"name\":\"TWS Empreendimentos\",\"alternateName\":\"TWS Empreendimentos\",\"url\":\"https:\/\/tws-empreendimentos.com.br\/\",\"logo\":{\"@type\":\"ImageObject\",\"inLanguage\":\"es\",\"@id\":\"https:\/\/tws-empreendimentos.com.br\/#\/schema\/logo\/image\/\",\"url\":\"https:\/\/tws-empreendimentos.com.br\/wp-content\/uploads\/2023\/03\/TWS-LOGOMARCA.png\",\"contentUrl\":\"https:\/\/tws-empreendimentos.com.br\/wp-content\/uploads\/2023\/03\/TWS-LOGOMARCA.png\",\"width\":300,\"height\":300,\"caption\":\"TWS Empreendimentos\"},\"image\":{\"@id\":\"https:\/\/tws-empreendimentos.com.br\/#\/schema\/logo\/image\/\"}}]}<\/script>\n<!-- \/ Yoast SEO Premium plugin. -->","yoast_head_json":{"title":"T\u00e9rminos de Uso - TWS Empreendimentos","robots":{"index":"index","follow":"follow","max-snippet":"max-snippet:-1","max-image-preview":"max-image-preview:large","max-video-preview":"max-video-preview:-1"},"canonical":"https:\/\/tws-empreendimentos.com.br\/termos-de-uso\/","og_locale":"es_ES","og_type":"article","og_title":"T\u00e9rminos de Uso","og_description":"T\u00e9rminos de Uso Bienvenido al sitio web de TWS Empreendimentos. Al acceder y utilizar nuestro sitio, usted acepta los siguientes t\u00e9rminos y condiciones de uso: Contenido del Sitio: TWS Empreendimentos es una plataforma dedicada al desarrollo de proyectos inmobiliarios y urban\u00edsticos. Aunque nos esforzamos por garantizar la precisi\u00f3n y actualidad de la informaci\u00f3n, no podemos [&hellip;]","og_url":"https:\/\/tws-empreendimentos.com.br\/termos-de-uso\/","og_site_name":"TWS Empreendimentos","article_modified_time":"2025-02-07T09:43:47+00:00","og_image":[{"width":300,"height":300,"url":"https:\/\/tws-empreendimentos.com.br\/wp-content\/uploads\/2023\/03\/TWS-LOGOMARCA.png","type":"image\/png"}],"twitter_card":"summary_large_image","schema":{"@context":"https:\/\/schema.org","@graph":[{"@type":"WebPage","@id":"https:\/\/tws-empreendimentos.com.br\/termos-de-uso\/","url":"https:\/\/tws-empreendimentos.com.br\/termos-de-uso\/","name":"T\u00e9rminos de Uso - TWS Empreendimentos","isPartOf":{"@id":"https:\/\/tws-empreendimentos.com.br\/#website"},"datePublished":"2024-01-06T19:08:42+00:00","dateModified":"2025-02-07T09:43:47+00:00","breadcrumb":{"@id":"https:\/\/tws-empreendimentos.com.br\/termos-de-uso\/#breadcrumb"},"inLanguage":"es","potentialAction":[{"@type":"ReadAction","target":["https:\/\/tws-empreendimentos.com.br\/termos-de-uso\/"]}]},{"@type":"BreadcrumbList","@id":"https:\/\/tws-empreendimentos.com.br\/termos-de-uso\/#breadcrumb","itemListElement":[{"@type":"ListItem","position":1,"name":"In\u00edcio","item":"https:\/\/tws-empreendimentos.com.br\/"},{"@type":"ListItem","position":2,"name":"T\u00e9rminos de Uso"}]},{"@type":"WebSite","@id":"https:\/\/tws-empreendimentos.com.br\/#website","url":"https:\/\/tws-empreendimentos.com.br\/","name":"TWS Empreendimentos","description":"Construtora e Imobili\u00e1ria em Jo\u00e3o Pessoa, Brasil","publisher":{"@id":"https:\/\/tws-empreendimentos.com.br\/#organization"},"alternateName":"TWS Empreendimentos","potentialAction":[{"@type":"SearchAction","target":{"@type":"EntryPoint","urlTemplate":"https:\/\/tws-empreendimentos.com.br\/?s={search_term_string}"},"query-input":{"@type":"PropertyValueSpecification","valueRequired":true,"valueName":"search_term_string"}}],"inLanguage":"es"},{"@type":"Organization","@id":"https:\/\/tws-empreendimentos.com.br\/#organization","name":"TWS Empreendimentos","alternateName":"TWS Empreendimentos","url":"https:\/\/tws-empreendimentos.com.br\/","logo":{"@type":"ImageObject","inLanguage":"es","@id":"https:\/\/tws-empreendimentos.com.br\/#\/schema\/logo\/image\/","url":"https:\/\/tws-empreendimentos.com.br\/wp-content\/uploads\/2023\/03\/TWS-LOGOMARCA.png","contentUrl":"https:\/\/tws-empreendimentos.com.br\/wp-content\/uploads\/2023\/03\/TWS-LOGOMARCA.png","width":300,"height":300,"caption":"TWS Empreendimentos"},"image":{"@id":"https:\/\/tws-empreendimentos.com.br\/#\/schema\/logo\/image\/"}}]}},"_links":{"self":[{"href":"https:\/\/tws-empreendimentos.com.br\/es\/wp-json\/wp\/v2\/pages\/16742","targetHints":{"allow":["GET"]}}],"collection":[{"href":"https:\/\/tws-empreendimentos.com.br\/es\/wp-json\/wp\/v2\/pages"}],"about":[{"href":"https:\/\/tws-empreendimentos.com.br\/es\/wp-json\/wp\/v2\/types\/page"}],"author":[{"embeddable":true,"href":"https:\/\/tws-empreendimentos.com.br\/es\/wp-json\/wp\/v2\/users\/1"}],"replies":[{"embeddable":true,"href":"https:\/\/tws-empreendimentos.com.br\/es\/wp-json\/wp\/v2\/comments?post=16742"}],"version-history":[{"count":0,"href":"https:\/\/tws-empreendimentos.com.br\/es\/wp-json\/wp\/v2\/pages\/16742\/revisions"}],"wp:attachment":[{"href":"https:\/\/tws-empreendimentos.com.br\/es\/wp-json\/wp\/v2\/media?parent=16742"}],"curies":[{"name":"wp","href":"https:\/\/api.w.org\/{rel}","templated":true}]}}