{"id":16718,"date":"2024-01-06T16:08:52","date_gmt":"2024-01-06T19:08:52","guid":{"rendered":"https:\/\/tws-empreendimentos.com.br\/?page_id=16718"},"modified":"2025-02-07T06:20:58","modified_gmt":"2025-02-07T09:20:58","slug":"politica-de-privacidad","status":"publish","type":"page","link":"https:\/\/tws-empreendimentos.com.br\/es\/politica-de-privacidad\/","title":{"rendered":"Pol\u00edtica de Privacidad"},"content":{"rendered":"\t\t<div data-elementor-type=\"wp-page\" data-elementor-id=\"16718\" class=\"elementor elementor-16718 elementor-1739\" data-elementor-post-type=\"page\">\n\t\t\t\t<div class=\"elementor-element elementor-element-1e2642d e-flex e-con-boxed e-con e-parent\" data-id=\"1e2642d\" data-element_type=\"container\" data-e-type=\"container\" data-settings=\"{&quot;background_background&quot;:&quot;gradient&quot;}\">\n\t\t\t\t\t<div class=\"e-con-inner\">\n\t\t\t\t<div class=\"elementor-element elementor-element-1bf75fd elementor-widget elementor-widget-heading\" data-id=\"1bf75fd\" data-element_type=\"widget\" data-e-type=\"widget\" data-widget_type=\"heading.default\">\n\t\t\t\t\t<h2 class=\"elementor-heading-title elementor-size-default\">Pol\u00edtica de Privacidad<\/h2>\t\t\t\t<\/div>\n\t\t\t\t<div class=\"elementor-element elementor-element-dac9c9b elementor-widget elementor-widget-text-editor\" data-id=\"dac9c9b\" data-element_type=\"widget\" data-e-type=\"widget\" data-widget_type=\"text-editor.default\">\n\t\t\t\t\t\t\t\t\t<p><strong>Pol\u00edtica de Privacidad de TWS Empreendimentos<\/strong><\/p><p>En TWS Empreendimentos, la confidencialidad y seguridad de su informaci\u00f3n son nuestras prioridades. Esta Pol\u00edtica de Privacidad detalla c\u00f3mo se recopila, utiliza y protege su informaci\u00f3n personal en nuestro sitio web:<\/p><p><strong>Recopilaci\u00f3n de Informaci\u00f3n<\/strong>: Cuando se registra en nuestro sitio web, se suscribe a nuestro bolet\u00edn o utiliza nuestros servicios, recopilamos datos personales que usted proporciona, como nombre, correo electr\u00f3nico y ubicaci\u00f3n.<\/p><p><strong>Uso de la Informaci\u00f3n<\/strong>: Sus datos se utilizan exclusivamente para mejorar nuestros servicios y ofrecer una experiencia personalizada en nuestro sitio web. Garantizamos que su informaci\u00f3n personal no ser\u00e1 compartida con terceros sin su consentimiento expl\u00edcito, salvo para el cumplimiento de los servicios solicitados por usted.<\/p><p><strong>Seguridad de la Informaci\u00f3n<\/strong>: Empleamos medidas de seguridad robustas para proteger su informaci\u00f3n personal de accesos no autorizados y divulgaciones indebidas. Sin embargo, es importante se\u00f1alar que la seguridad absoluta en las transmisiones de datos en l\u00ednea no se puede garantizar completamente.<\/p><p><strong>Actualizaciones de la Pol\u00edtica<\/strong>: Nos reservamos el derecho de realizar cambios en esta Pol\u00edtica de Privacidad ocasionalmente. Cualquier cambio entrar\u00e1 en vigor inmediatamente despu\u00e9s de su publicaci\u00f3n en nuestro sitio web.<\/p>\t\t\t\t\t\t\t\t<\/div>\n\t\t\t\t\t<\/div>\n\t\t\t\t<\/div>\n\t\t\t\t<\/div>\n\t\t","protected":false},"excerpt":{"rendered":"<p>Pol\u00edtica de Privacidad Pol\u00edtica de Privacidad de TWS Empreendimentos En TWS Empreendimentos, la confidencialidad y seguridad de su informaci\u00f3n son nuestras prioridades. Esta Pol\u00edtica de Privacidad detalla c\u00f3mo se recopila, utiliza y protege su informaci\u00f3n personal en nuestro sitio web: Recopilaci\u00f3n de Informaci\u00f3n: Cuando se registra en nuestro sitio web, se suscribe a nuestro bolet\u00edn [&hellip;]<\/p>\n","protected":false},"author":1,"featured_media":0,"parent":0,"menu_order":0,"comment_status":"closed","ping_status":"closed","template":"","meta":{"footnotes":""},"class_list":["post-16718","page","type-page","status-publish","hentry"],"yoast_head":"<!-- This site is optimized with the Yoast SEO Premium plugin v24.3 (Yoast SEO v26.9) - https:\/\/yoast.com\/product\/yoast-seo-premium-wordpress\/ -->\n<title>Pol\u00edtica de Privacidad - TWS Empreendimentos<\/title>\n<meta name=\"robots\" content=\"index, follow, max-snippet:-1, max-image-preview:large, max-video-preview:-1\" \/>\n<link rel=\"canonical\" href=\"https:\/\/tws-empreendimentos.com.br\/es\/politica-de-privacidad\/\" \/>\n<meta property=\"og:locale\" content=\"es_ES\" \/>\n<meta property=\"og:type\" content=\"article\" \/>\n<meta property=\"og:title\" content=\"Pol\u00edtica de Privacidad\" \/>\n<meta property=\"og:description\" content=\"Pol\u00edtica de Privacidad Pol\u00edtica de Privacidad de TWS Empreendimentos En TWS Empreendimentos, la confidencialidad y seguridad de su informaci\u00f3n son nuestras prioridades. Esta Pol\u00edtica de Privacidad detalla c\u00f3mo se recopila, utiliza y protege su informaci\u00f3n personal en nuestro sitio web: Recopilaci\u00f3n de Informaci\u00f3n: Cuando se registra en nuestro sitio web, se suscribe a nuestro bolet\u00edn [&hellip;]\" \/>\n<meta property=\"og:url\" content=\"https:\/\/tws-empreendimentos.com.br\/es\/politica-de-privacidad\/\" \/>\n<meta property=\"og:site_name\" content=\"TWS Empreendimentos\" \/>\n<meta property=\"article:modified_time\" content=\"2025-02-07T09:20:58+00:00\" \/>\n<meta property=\"og:image\" content=\"https:\/\/tws-empreendimentos.com.br\/wp-content\/uploads\/2023\/03\/TWS-LOGOMARCA.png\" \/>\n\t<meta property=\"og:image:width\" content=\"300\" \/>\n\t<meta property=\"og:image:height\" content=\"300\" \/>\n\t<meta property=\"og:image:type\" content=\"image\/png\" \/>\n<meta name=\"twitter:card\" content=\"summary_large_image\" \/>\n<script type=\"application\/ld+json\" class=\"yoast-schema-graph\">{\"@context\":\"https:\/\/schema.org\",\"@graph\":[{\"@type\":\"WebPage\",\"@id\":\"https:\/\/tws-empreendimentos.com.br\/es\/politica-de-privacidad\/\",\"url\":\"https:\/\/tws-empreendimentos.com.br\/es\/politica-de-privacidad\/\",\"name\":\"Pol\u00edtica de Privacidad - TWS Empreendimentos\",\"isPartOf\":{\"@id\":\"https:\/\/tws-empreendimentos.com.br\/#website\"},\"datePublished\":\"2024-01-06T19:08:52+00:00\",\"dateModified\":\"2025-02-07T09:20:58+00:00\",\"breadcrumb\":{\"@id\":\"https:\/\/tws-empreendimentos.com.br\/es\/politica-de-privacidad\/#breadcrumb\"},\"inLanguage\":\"es\",\"potentialAction\":[{\"@type\":\"ReadAction\",\"target\":[\"https:\/\/tws-empreendimentos.com.br\/es\/politica-de-privacidad\/\"]}]},{\"@type\":\"BreadcrumbList\",\"@id\":\"https:\/\/tws-empreendimentos.com.br\/es\/politica-de-privacidad\/#breadcrumb\",\"itemListElement\":[{\"@type\":\"ListItem\",\"position\":1,\"name\":\"In\u00edcio\",\"item\":\"https:\/\/tws-empreendimentos.com.br\/\"},{\"@type\":\"ListItem\",\"position\":2,\"name\":\"Pol\u00edtica de Privacidad\"}]},{\"@type\":\"WebSite\",\"@id\":\"https:\/\/tws-empreendimentos.com.br\/#website\",\"url\":\"https:\/\/tws-empreendimentos.com.br\/\",\"name\":\"TWS Empreendimentos\",\"description\":\"Construtora e Imobili\u00e1ria em Jo\u00e3o Pessoa, Brasil\",\"publisher\":{\"@id\":\"https:\/\/tws-empreendimentos.com.br\/#organization\"},\"alternateName\":\"TWS Empreendimentos\",\"potentialAction\":[{\"@type\":\"SearchAction\",\"target\":{\"@type\":\"EntryPoint\",\"urlTemplate\":\"https:\/\/tws-empreendimentos.com.br\/?s={search_term_string}\"},\"query-input\":{\"@type\":\"PropertyValueSpecification\",\"valueRequired\":true,\"valueName\":\"search_term_string\"}}],\"inLanguage\":\"es\"},{\"@type\":\"Organization\",\"@id\":\"https:\/\/tws-empreendimentos.com.br\/#organization\",\"name\":\"TWS Empreendimentos\",\"alternateName\":\"TWS Empreendimentos\",\"url\":\"https:\/\/tws-empreendimentos.com.br\/\",\"logo\":{\"@type\":\"ImageObject\",\"inLanguage\":\"es\",\"@id\":\"https:\/\/tws-empreendimentos.com.br\/#\/schema\/logo\/image\/\",\"url\":\"https:\/\/tws-empreendimentos.com.br\/wp-content\/uploads\/2023\/03\/TWS-LOGOMARCA.png\",\"contentUrl\":\"https:\/\/tws-empreendimentos.com.br\/wp-content\/uploads\/2023\/03\/TWS-LOGOMARCA.png\",\"width\":300,\"height\":300,\"caption\":\"TWS Empreendimentos\"},\"image\":{\"@id\":\"https:\/\/tws-empreendimentos.com.br\/#\/schema\/logo\/image\/\"}}]}<\/script>\n<!-- \/ Yoast SEO Premium plugin. -->","yoast_head_json":{"title":"Pol\u00edtica de Privacidad - TWS Empreendimentos","robots":{"index":"index","follow":"follow","max-snippet":"max-snippet:-1","max-image-preview":"max-image-preview:large","max-video-preview":"max-video-preview:-1"},"canonical":"https:\/\/tws-empreendimentos.com.br\/es\/politica-de-privacidad\/","og_locale":"es_ES","og_type":"article","og_title":"Pol\u00edtica de Privacidad","og_description":"Pol\u00edtica de Privacidad Pol\u00edtica de Privacidad de TWS Empreendimentos En TWS Empreendimentos, la confidencialidad y seguridad de su informaci\u00f3n son nuestras prioridades. Esta Pol\u00edtica de Privacidad detalla c\u00f3mo se recopila, utiliza y protege su informaci\u00f3n personal en nuestro sitio web: Recopilaci\u00f3n de Informaci\u00f3n: Cuando se registra en nuestro sitio web, se suscribe a nuestro bolet\u00edn [&hellip;]","og_url":"https:\/\/tws-empreendimentos.com.br\/es\/politica-de-privacidad\/","og_site_name":"TWS Empreendimentos","article_modified_time":"2025-02-07T09:20:58+00:00","og_image":[{"width":300,"height":300,"url":"https:\/\/tws-empreendimentos.com.br\/wp-content\/uploads\/2023\/03\/TWS-LOGOMARCA.png","type":"image\/png"}],"twitter_card":"summary_large_image","schema":{"@context":"https:\/\/schema.org","@graph":[{"@type":"WebPage","@id":"https:\/\/tws-empreendimentos.com.br\/es\/politica-de-privacidad\/","url":"https:\/\/tws-empreendimentos.com.br\/es\/politica-de-privacidad\/","name":"Pol\u00edtica de Privacidad - TWS Empreendimentos","isPartOf":{"@id":"https:\/\/tws-empreendimentos.com.br\/#website"},"datePublished":"2024-01-06T19:08:52+00:00","dateModified":"2025-02-07T09:20:58+00:00","breadcrumb":{"@id":"https:\/\/tws-empreendimentos.com.br\/es\/politica-de-privacidad\/#breadcrumb"},"inLanguage":"es","potentialAction":[{"@type":"ReadAction","target":["https:\/\/tws-empreendimentos.com.br\/es\/politica-de-privacidad\/"]}]},{"@type":"BreadcrumbList","@id":"https:\/\/tws-empreendimentos.com.br\/es\/politica-de-privacidad\/#breadcrumb","itemListElement":[{"@type":"ListItem","position":1,"name":"In\u00edcio","item":"https:\/\/tws-empreendimentos.com.br\/"},{"@type":"ListItem","position":2,"name":"Pol\u00edtica de Privacidad"}]},{"@type":"WebSite","@id":"https:\/\/tws-empreendimentos.com.br\/#website","url":"https:\/\/tws-empreendimentos.com.br\/","name":"TWS Empreendimentos","description":"Construtora e Imobili\u00e1ria em Jo\u00e3o Pessoa, Brasil","publisher":{"@id":"https:\/\/tws-empreendimentos.com.br\/#organization"},"alternateName":"TWS Empreendimentos","potentialAction":[{"@type":"SearchAction","target":{"@type":"EntryPoint","urlTemplate":"https:\/\/tws-empreendimentos.com.br\/?s={search_term_string}"},"query-input":{"@type":"PropertyValueSpecification","valueRequired":true,"valueName":"search_term_string"}}],"inLanguage":"es"},{"@type":"Organization","@id":"https:\/\/tws-empreendimentos.com.br\/#organization","name":"TWS Empreendimentos","alternateName":"TWS Empreendimentos","url":"https:\/\/tws-empreendimentos.com.br\/","logo":{"@type":"ImageObject","inLanguage":"es","@id":"https:\/\/tws-empreendimentos.com.br\/#\/schema\/logo\/image\/","url":"https:\/\/tws-empreendimentos.com.br\/wp-content\/uploads\/2023\/03\/TWS-LOGOMARCA.png","contentUrl":"https:\/\/tws-empreendimentos.com.br\/wp-content\/uploads\/2023\/03\/TWS-LOGOMARCA.png","width":300,"height":300,"caption":"TWS Empreendimentos"},"image":{"@id":"https:\/\/tws-empreendimentos.com.br\/#\/schema\/logo\/image\/"}}]}},"_links":{"self":[{"href":"https:\/\/tws-empreendimentos.com.br\/es\/wp-json\/wp\/v2\/pages\/16718","targetHints":{"allow":["GET"]}}],"collection":[{"href":"https:\/\/tws-empreendimentos.com.br\/es\/wp-json\/wp\/v2\/pages"}],"about":[{"href":"https:\/\/tws-empreendimentos.com.br\/es\/wp-json\/wp\/v2\/types\/page"}],"author":[{"embeddable":true,"href":"https:\/\/tws-empreendimentos.com.br\/es\/wp-json\/wp\/v2\/users\/1"}],"replies":[{"embeddable":true,"href":"https:\/\/tws-empreendimentos.com.br\/es\/wp-json\/wp\/v2\/comments?post=16718"}],"version-history":[{"count":0,"href":"https:\/\/tws-empreendimentos.com.br\/es\/wp-json\/wp\/v2\/pages\/16718\/revisions"}],"wp:attachment":[{"href":"https:\/\/tws-empreendimentos.com.br\/es\/wp-json\/wp\/v2\/media?parent=16718"}],"curies":[{"name":"wp","href":"https:\/\/api.w.org\/{rel}","templated":true}]}}